{"id":491,"date":"2025-02-21T10:56:12","date_gmt":"2025-02-21T10:56:12","guid":{"rendered":"http:\/\/localhost\/wordpress\/?page_id=491"},"modified":"2026-03-16T16:17:25","modified_gmt":"2026-03-16T16:17:25","slug":"360-view","status":"publish","type":"page","link":"https:\/\/salman3dspace.com\/fr\/360-view\/","title":{"rendered":"360\u00b0 view"},"content":{"rendered":"<div data-elementor-type=\"wp-page\" data-elementor-id=\"491\" class=\"elementor elementor-491\">\n\t\t\t\t<div class=\"elementor-element elementor-element-94db919 e-con-full e-flex e-con e-parent\" data-id=\"94db919\" data-element_type=\"container\" data-e-type=\"container\">\n\t\t<div class=\"elementor-element elementor-element-3f5cc28 e-con-full e-flex e-con e-child\" data-id=\"3f5cc28\" data-element_type=\"container\" data-e-type=\"container\" data-settings=\"{&quot;background_background&quot;:&quot;classic&quot;}\">\n\t\t\t\t<div class=\"elementor-element elementor-element-7d2f565 elementor-widget elementor-widget-heading\" data-id=\"7d2f565\" data-element_type=\"widget\" data-e-type=\"widget\" data-widget_type=\"heading.default\">\n\t\t\t\t<div class=\"elementor-widget-container\">\n\t\t\t\t\t<h1 class=\"elementor-heading-title elementor-size-default\">Explore 3D Interior Designs in 360\u00b0<\/h1>\t\t\t\t<\/div>\n\t\t\t\t<\/div>\n\t\t\t\t<div class=\"elementor-element elementor-element-2cb12c2 elementor-widget elementor-widget-heading\" data-id=\"2cb12c2\" data-element_type=\"widget\" data-e-type=\"widget\" data-widget_type=\"heading.default\">\n\t\t\t\t<div class=\"elementor-widget-container\">\n\t\t\t\t\t<h2 class=\"elementor-heading-title elementor-size-default\">Step inside your spaces and experience them before they\u2019re built.<\/h2>\t\t\t\t<\/div>\n\t\t\t\t<\/div>\n\t\t\t\t<\/div>\n\t\t\t\t<\/div>\n\t\t<div class=\"elementor-element elementor-element-788e311 e-flex e-con-boxed e-con e-parent\" data-id=\"788e311\" data-element_type=\"container\" data-e-type=\"container\">\n\t\t\t\t\t<div class=\"e-con-inner\">\n\t\t<div class=\"elementor-element elementor-element-1b0c238 e-con-full e-flex e-con e-child\" data-id=\"1b0c238\" data-element_type=\"container\" data-e-type=\"container\">\n\t\t<div class=\"elementor-element elementor-element-83cbc9c e-con-full e-flex e-con e-child\" data-id=\"83cbc9c\" data-element_type=\"container\" data-e-type=\"container\">\n\t\t\t\t<div class=\"elementor-element elementor-element-ec0c34c elementor-widget elementor-widget-image\" data-id=\"ec0c34c\" data-element_type=\"widget\" data-e-type=\"widget\" data-widget_type=\"image.default\">\n\t\t\t\t<div class=\"elementor-widget-container\">\n\t\t\t\t\t\t\t\t\t\t\t\t\t\t\t<img fetchpriority=\"high\" decoding=\"async\" width=\"2560\" height=\"2560\" src=\"https:\/\/salman3dspace.com\/wp-content\/uploads\/2025\/07\/Studio_unit_360\u00b0_01-scaled.jpg\" class=\"attachment-full size-full wp-image-2153\" alt=\"360 _ unit studio\" srcset=\"https:\/\/salman3dspace.com\/wp-content\/uploads\/2025\/07\/Studio_unit_360\u00b0_01-scaled.jpg 2560w, https:\/\/salman3dspace.com\/wp-content\/uploads\/2025\/07\/Studio_unit_360\u00b0_01-300x300.jpg 300w, https:\/\/salman3dspace.com\/wp-content\/uploads\/2025\/07\/Studio_unit_360\u00b0_01-1024x1024.jpg 1024w, https:\/\/salman3dspace.com\/wp-content\/uploads\/2025\/07\/Studio_unit_360\u00b0_01-150x150.jpg 150w, https:\/\/salman3dspace.com\/wp-content\/uploads\/2025\/07\/Studio_unit_360\u00b0_01-768x768.jpg 768w, https:\/\/salman3dspace.com\/wp-content\/uploads\/2025\/07\/Studio_unit_360\u00b0_01-1536x1536.jpg 1536w, https:\/\/salman3dspace.com\/wp-content\/uploads\/2025\/07\/Studio_unit_360\u00b0_01-2048x2048.jpg 2048w, https:\/\/salman3dspace.com\/wp-content\/uploads\/2025\/07\/Studio_unit_360\u00b0_01-12x12.jpg 12w\" sizes=\"(max-width: 2560px) 100vw, 2560px\" \/>\t\t\t\t\t\t\t\t\t\t\t\t\t\t\t<\/div>\n\t\t\t\t<\/div>\n\t\t\t\t<div class=\"elementor-element elementor-element-ed8898e elementor-widget elementor-widget-heading\" data-id=\"ed8898e\" data-element_type=\"widget\" data-e-type=\"widget\" data-widget_type=\"heading.default\">\n\t\t\t\t<div class=\"elementor-widget-container\">\n\t\t\t\t\t<h5 class=\"elementor-heading-title elementor-size-default\"><a href=\"https:\/\/salman3dspace.com\/fr\/360-compact-studio\/\">Studio compact<\/a><\/h5>\t\t\t\t<\/div>\n\t\t\t\t<\/div>\n\t\t\t\t<div class=\"elementor-element elementor-element-909b5a9 elementor-widget elementor-widget-text-editor\" data-id=\"909b5a9\" data-element_type=\"widget\" data-e-type=\"widget\" data-widget_type=\"text-editor.default\">\n\t\t\t\t<div class=\"elementor-widget-container\">\n\t\t\t\t\t\t\t\t\t<p>La conception 3D d'un studio compact en vue \u00e0 360\u00b0 offre une visualisation totalement immersive d'un espace de vie r\u00e9duit mais organis\u00e9 de mani\u00e8re efficace.<\/p>\t\t\t\t\t\t\t\t<\/div>\n\t\t\t\t<\/div>\n\t\t\t\t<div class=\"elementor-element elementor-element-162efb1 elementor-widget elementor-widget-button\" data-id=\"162efb1\" data-element_type=\"widget\" data-e-type=\"widget\" data-widget_type=\"button.default\">\n\t\t\t\t<div class=\"elementor-widget-container\">\n\t\t\t\t\t\t\t\t\t<div class=\"elementor-button-wrapper\">\n\t\t\t\t\t<a class=\"elementor-button elementor-button-link elementor-size-sm\" href=\"https:\/\/salman3dspace.com\/fr\/360-compact-studio\/\">\n\t\t\t\t\t\t<span class=\"elementor-button-content-wrapper\">\n\t\t\t\t\t\t\t\t\t<span class=\"elementor-button-text\">Faire un tour.<\/span>\n\t\t\t\t\t<\/span>\n\t\t\t\t\t<\/a>\n\t\t\t\t<\/div>\n\t\t\t\t\t\t\t\t<\/div>\n\t\t\t\t<\/div>\n\t\t\t\t<\/div>\n\t\t<div class=\"elementor-element elementor-element-7cb6403 e-con-full e-flex e-con e-child\" data-id=\"7cb6403\" data-element_type=\"container\" data-e-type=\"container\">\n\t\t\t\t<div class=\"elementor-element elementor-element-a4a44b8 elementor-widget elementor-widget-image\" data-id=\"a4a44b8\" data-element_type=\"widget\" data-e-type=\"widget\" data-widget_type=\"image.default\">\n\t\t\t\t<div class=\"elementor-widget-container\">\n\t\t\t\t\t\t\t\t\t\t\t\t\t\t\t<img decoding=\"async\" width=\"2000\" height=\"1604\" src=\"https:\/\/salman3dspace.com\/wp-content\/uploads\/2025\/04\/room_render_PostProduction_05.webp\" class=\"attachment-full size-full wp-image-1268\" alt=\"Bedroom design_ Desk view\" srcset=\"https:\/\/salman3dspace.com\/wp-content\/uploads\/2025\/04\/room_render_PostProduction_05.webp 2000w, https:\/\/salman3dspace.com\/wp-content\/uploads\/2025\/04\/room_render_PostProduction_05-300x241.webp 300w, https:\/\/salman3dspace.com\/wp-content\/uploads\/2025\/04\/room_render_PostProduction_05-1024x821.webp 1024w, https:\/\/salman3dspace.com\/wp-content\/uploads\/2025\/04\/room_render_PostProduction_05-768x616.webp 768w, https:\/\/salman3dspace.com\/wp-content\/uploads\/2025\/04\/room_render_PostProduction_05-1536x1232.webp 1536w\" sizes=\"(max-width: 2000px) 100vw, 2000px\" \/>\t\t\t\t\t\t\t\t\t\t\t\t\t\t\t<\/div>\n\t\t\t\t<\/div>\n\t\t\t\t<div class=\"elementor-element elementor-element-a42a10f elementor-widget elementor-widget-heading\" data-id=\"a42a10f\" data-element_type=\"widget\" data-e-type=\"widget\" data-widget_type=\"heading.default\">\n\t\t\t\t<div class=\"elementor-widget-container\">\n\t\t\t\t\t<h5 class=\"elementor-heading-title elementor-size-default\"><a href=\"https:\/\/salman3dspace.com\/fr\/bedroom-design-in-3d\/\">Chambre \u00e0 coucher <\/a><\/h5>\t\t\t\t<\/div>\n\t\t\t\t<\/div>\n\t\t\t\t<div class=\"elementor-element elementor-element-f514102 elementor-widget elementor-widget-text-editor\" data-id=\"f514102\" data-element_type=\"widget\" data-e-type=\"widget\" data-widget_type=\"text-editor.default\">\n\t\t\t\t<div class=\"elementor-widget-container\">\n\t\t\t\t\t\t\t\t\t<p>Une conception 3D d'une chambre d'adolescent en vue \u00e0 360\u00b0 offre une visualisation totalement immersive d'une petite chambre et d'un bureau efficacement organis\u00e9s.\u00a0<\/p>\t\t\t\t\t\t\t\t<\/div>\n\t\t\t\t<\/div>\n\t\t\t\t<div class=\"elementor-element elementor-element-78f2bdc elementor-widget elementor-widget-button\" data-id=\"78f2bdc\" data-element_type=\"widget\" data-e-type=\"widget\" data-widget_type=\"button.default\">\n\t\t\t\t<div class=\"elementor-widget-container\">\n\t\t\t\t\t\t\t\t\t<div class=\"elementor-button-wrapper\">\n\t\t\t\t\t<a class=\"elementor-button elementor-button-link elementor-size-sm\" href=\"https:\/\/salman3dspace.com\/fr\/bedroom-design-in-3d\/\">\n\t\t\t\t\t\t<span class=\"elementor-button-content-wrapper\">\n\t\t\t\t\t\t\t\t\t<span class=\"elementor-button-text\">Faire un tour.<\/span>\n\t\t\t\t\t<\/span>\n\t\t\t\t\t<\/a>\n\t\t\t\t<\/div>\n\t\t\t\t\t\t\t\t<\/div>\n\t\t\t\t<\/div>\n\t\t\t\t<\/div>\n\t\t<div class=\"elementor-element elementor-element-fe0250f e-con-full e-flex e-con e-child\" data-id=\"fe0250f\" data-element_type=\"container\" data-e-type=\"container\">\n\t\t\t\t<div class=\"elementor-element elementor-element-01eaf8f elementor-widget elementor-widget-image\" data-id=\"01eaf8f\" data-element_type=\"widget\" data-e-type=\"widget\" data-widget_type=\"image.default\">\n\t\t\t\t<div class=\"elementor-widget-container\">\n\t\t\t\t\t\t\t\t\t\t\t\t\t\t\t<img decoding=\"async\" width=\"2560\" height=\"1440\" src=\"https:\/\/salman3dspace.com\/wp-content\/uploads\/2025\/09\/kitchen_01-scaled.webp\" class=\"attachment-full size-full wp-image-2400\" alt=\"Kitchen_ben_01\" srcset=\"https:\/\/salman3dspace.com\/wp-content\/uploads\/2025\/09\/kitchen_01-scaled.webp 2560w, https:\/\/salman3dspace.com\/wp-content\/uploads\/2025\/09\/kitchen_01-300x169.webp 300w, https:\/\/salman3dspace.com\/wp-content\/uploads\/2025\/09\/kitchen_01-1024x576.webp 1024w, https:\/\/salman3dspace.com\/wp-content\/uploads\/2025\/09\/kitchen_01-768x432.webp 768w, https:\/\/salman3dspace.com\/wp-content\/uploads\/2025\/09\/kitchen_01-1536x864.webp 1536w, https:\/\/salman3dspace.com\/wp-content\/uploads\/2025\/09\/kitchen_01-2048x1152.webp 2048w, https:\/\/salman3dspace.com\/wp-content\/uploads\/2025\/09\/kitchen_01-18x10.webp 18w\" sizes=\"(max-width: 2560px) 100vw, 2560px\" \/>\t\t\t\t\t\t\t\t\t\t\t\t\t\t\t<\/div>\n\t\t\t\t<\/div>\n\t\t\t\t<div class=\"elementor-element elementor-element-e2f4d84 elementor-widget elementor-widget-heading\" data-id=\"e2f4d84\" data-element_type=\"widget\" data-e-type=\"widget\" data-widget_type=\"heading.default\">\n\t\t\t\t<div class=\"elementor-widget-container\">\n\t\t\t\t\t<h5 class=\"elementor-heading-title elementor-size-default\"><a href=\"https:\/\/salman3dspace.com\/fr\/360-kitchen-3d-design\/\">Cuisine avec coin caf\u00e9<\/a><\/h5>\t\t\t\t<\/div>\n\t\t\t\t<\/div>\n\t\t\t\t<div class=\"elementor-element elementor-element-63ab2cf elementor-widget elementor-widget-text-editor\" data-id=\"63ab2cf\" data-element_type=\"widget\" data-e-type=\"widget\" data-widget_type=\"text-editor.default\">\n\t\t\t\t<div class=\"elementor-widget-container\">\n\t\t\t\t\t\t\t\t\t<p>Conception 3D d'une cuisine en forme de L avec coin caf\u00e9, vue \u00e0 360\u00b0. Ce type d'am\u00e9nagement comprend g\u00e9n\u00e9ralement une cuisine et un coin caf\u00e9 combin\u00e9s.<\/p>\t\t\t\t\t\t\t\t<\/div>\n\t\t\t\t<\/div>\n\t\t\t\t<div class=\"elementor-element elementor-element-a8c9b44 elementor-widget elementor-widget-button\" data-id=\"a8c9b44\" data-element_type=\"widget\" data-e-type=\"widget\" data-widget_type=\"button.default\">\n\t\t\t\t<div class=\"elementor-widget-container\">\n\t\t\t\t\t\t\t\t\t<div class=\"elementor-button-wrapper\">\n\t\t\t\t\t<a class=\"elementor-button elementor-button-link elementor-size-sm\" href=\"https:\/\/salman3dspace.com\/fr\/360-kitchen-3d-design\/\">\n\t\t\t\t\t\t<span class=\"elementor-button-content-wrapper\">\n\t\t\t\t\t\t\t\t\t<span class=\"elementor-button-text\">Faire un tour.<\/span>\n\t\t\t\t\t<\/span>\n\t\t\t\t\t<\/a>\n\t\t\t\t<\/div>\n\t\t\t\t\t\t\t\t<\/div>\n\t\t\t\t<\/div>\n\t\t\t\t<\/div>\n\t\t\t\t<\/div>\n\t\t\t\t\t<\/div>\n\t\t\t\t<\/div>\n\t\t<div class=\"elementor-element elementor-element-ce3c617 e-flex e-con-boxed e-con e-parent\" data-id=\"ce3c617\" data-element_type=\"container\" data-e-type=\"container\">\n\t\t\t\t\t<div class=\"e-con-inner\">\n\t\t<div class=\"elementor-element elementor-element-71e431e e-con-full e-flex e-con e-child\" data-id=\"71e431e\" data-element_type=\"container\" data-e-type=\"container\">\n\t\t\t\t<div class=\"elementor-element elementor-element-0692ae3 elementor-widget elementor-widget-html\" data-id=\"0692ae3\" data-element_type=\"widget\" data-e-type=\"widget\" data-widget_type=\"html.default\">\n\t\t\t\t<div class=\"elementor-widget-container\">\n\t\t\t\t\t<iframe src=\"https:\/\/lazyheaddev.github.io\/Office\/\" \r\n          style=\"position:absolute;top:0;left:0;width:100%;height:800px;\" \r\n          frameborder=\"0\" \r\n          allowfullscreen>\r\n<\/iframe>\t\t\t\t<\/div>\n\t\t\t\t<\/div>\n\t\t\t\t<\/div>\n\t\t\t\t\t<\/div>\n\t\t\t\t<\/div>\n\t\t<div class=\"elementor-element elementor-element-81bec2c e-flex e-con-boxed e-con e-parent\" data-id=\"81bec2c\" data-element_type=\"container\" data-e-type=\"container\" data-settings=\"{&quot;background_background&quot;:&quot;classic&quot;}\">\n\t\t\t\t\t<div class=\"e-con-inner\">\n\t\t\t\t<div class=\"elementor-element elementor-element-cb43a63 elementor-widget elementor-widget-heading\" data-id=\"cb43a63\" data-element_type=\"widget\" data-e-type=\"widget\" data-widget_type=\"heading.default\">\n\t\t\t\t<div class=\"elementor-widget-container\">\n\t\t\t\t\t<h2 class=\"elementor-heading-title elementor-size-default\">Discutons de votre projet\n<\/h2>\t\t\t\t<\/div>\n\t\t\t\t<\/div>\n\t\t\t\t<div class=\"elementor-element elementor-element-34b522f elementor-widget__width-initial elementor-widget elementor-widget-text-editor\" data-id=\"34b522f\" data-element_type=\"widget\" data-e-type=\"widget\" data-widget_type=\"text-editor.default\">\n\t\t\t\t<div class=\"elementor-widget-container\">\n\t\t\t\t\t\t\t\t\t<p>Discutons de la mani\u00e8re dont nous pouvons transformer votre espace ensemble, en combinant votre vision avec notre expertise pour cr\u00e9er un design qui refl\u00e8te vraiment votre style et vos besoins.<\/p>\t\t\t\t\t\t\t\t<\/div>\n\t\t\t\t<\/div>\n\t\t\t\t<div class=\"elementor-element elementor-element-750ed2a elementor-align-center elementor-widget elementor-widget-button\" data-id=\"750ed2a\" data-element_type=\"widget\" data-e-type=\"widget\" data-widget_type=\"button.default\">\n\t\t\t\t<div class=\"elementor-widget-container\">\n\t\t\t\t\t\t\t\t\t<div class=\"elementor-button-wrapper\">\n\t\t\t\t\t<a class=\"elementor-button elementor-button-link elementor-size-sm\" href=\"https:\/\/salman3dspace.com\/fr\/contact\/\">\n\t\t\t\t\t\t<span class=\"elementor-button-content-wrapper\">\n\t\t\t\t\t\t\t\t\t<span class=\"elementor-button-text\">Prenez contact<\/span>\n\t\t\t\t\t<\/span>\n\t\t\t\t\t<\/a>\n\t\t\t\t<\/div>\n\t\t\t\t\t\t\t\t<\/div>\n\t\t\t\t<\/div>\n\t\t\t\t\t<\/div>\n\t\t\t\t<\/div>\n\t\t\t\t<\/div>","protected":false},"excerpt":{"rendered":"<p>Explore 3D Interior Designs in 360\u00b0 Step inside your spaces and experience them before they\u2019re built. Compact studio A 3D [&hellip;]<\/p>\n","protected":false},"author":1,"featured_media":0,"parent":0,"menu_order":0,"comment_status":"closed","ping_status":"closed","template":"","meta":{"site-sidebar-layout":"no-sidebar","site-content-layout":"","ast-site-content-layout":"full-width-container","site-content-style":"default","site-sidebar-style":"default","ast-global-header-display":"","ast-banner-title-visibility":"","ast-main-header-display":"","ast-hfb-above-header-display":"","ast-hfb-below-header-display":"","ast-hfb-mobile-header-display":"","site-post-title":"disabled","ast-breadcrumbs-content":"","ast-featured-img":"disabled","footer-sml-layout":"","ast-disable-related-posts":"","theme-transparent-header-meta":"","adv-header-id-meta":"","stick-header-meta":"","header-above-stick-meta":"","header-main-stick-meta":"","header-below-stick-meta":"","astra-migrate-meta-layouts":"default","ast-page-background-enabled":"default","ast-page-background-meta":{"desktop":{"background-color":"var(--ast-global-color-4)","background-image":"","background-repeat":"repeat","background-position":"center center","background-size":"auto","background-attachment":"scroll","background-type":"","background-media":"","overlay-type":"","overlay-color":"","overlay-opacity":"","overlay-gradient":""},"tablet":{"background-color":"","background-image":"","background-repeat":"repeat","background-position":"center center","background-size":"auto","background-attachment":"scroll","background-type":"","background-media":"","overlay-type":"","overlay-color":"","overlay-opacity":"","overlay-gradient":""},"mobile":{"background-color":"","background-image":"","background-repeat":"repeat","background-position":"center center","background-size":"auto","background-attachment":"scroll","background-type":"","background-media":"","overlay-type":"","overlay-color":"","overlay-opacity":"","overlay-gradient":""}},"ast-content-background-meta":{"desktop":{"background-color":"var(--ast-global-color-5)","background-image":"","background-repeat":"repeat","background-position":"center center","background-size":"auto","background-attachment":"scroll","background-type":"","background-media":"","overlay-type":"","overlay-color":"","overlay-opacity":"","overlay-gradient":""},"tablet":{"background-color":"var(--ast-global-color-5)","background-image":"","background-repeat":"repeat","background-position":"center center","background-size":"auto","background-attachment":"scroll","background-type":"","background-media":"","overlay-type":"","overlay-color":"","overlay-opacity":"","overlay-gradient":""},"mobile":{"background-color":"var(--ast-global-color-5)","background-image":"","background-repeat":"repeat","background-position":"center center","background-size":"auto","background-attachment":"scroll","background-type":"","background-media":"","overlay-type":"","overlay-color":"","overlay-opacity":"","overlay-gradient":""}},"footnotes":""},"class_list":["post-491","page","type-page","status-publish","hentry"],"aioseo_notices":[],"_links":{"self":[{"href":"https:\/\/salman3dspace.com\/fr\/wp-json\/wp\/v2\/pages\/491","targetHints":{"allow":["GET"]}}],"collection":[{"href":"https:\/\/salman3dspace.com\/fr\/wp-json\/wp\/v2\/pages"}],"about":[{"href":"https:\/\/salman3dspace.com\/fr\/wp-json\/wp\/v2\/types\/page"}],"author":[{"embeddable":true,"href":"https:\/\/salman3dspace.com\/fr\/wp-json\/wp\/v2\/users\/1"}],"replies":[{"embeddable":true,"href":"https:\/\/salman3dspace.com\/fr\/wp-json\/wp\/v2\/comments?post=491"}],"version-history":[{"count":487,"href":"https:\/\/salman3dspace.com\/fr\/wp-json\/wp\/v2\/pages\/491\/revisions"}],"predecessor-version":[{"id":3314,"href":"https:\/\/salman3dspace.com\/fr\/wp-json\/wp\/v2\/pages\/491\/revisions\/3314"}],"wp:attachment":[{"href":"https:\/\/salman3dspace.com\/fr\/wp-json\/wp\/v2\/media?parent=491"}],"curies":[{"name":"wp","href":"https:\/\/api.w.org\/{rel}","templated":true}]}}