{"id":49,"date":"2025-02-05T16:47:20","date_gmt":"2025-02-05T16:47:20","guid":{"rendered":"http:\/\/localhost\/wordpress\/about\/"},"modified":"2026-02-14T17:08:18","modified_gmt":"2026-02-14T17:08:18","slug":"about","status":"publish","type":"page","link":"https:\/\/salman3dspace.com\/fr\/about\/","title":{"rendered":"\u00c0 propos"},"content":{"rendered":"<div data-elementor-type=\"wp-page\" data-elementor-id=\"49\" class=\"elementor elementor-49\">\n\t\t\t\t<div class=\"elementor-element elementor-element-d54fcb0 e-flex e-con-boxed e-con e-parent\" data-id=\"d54fcb0\" data-element_type=\"container\" data-e-type=\"container\" data-settings=\"{&quot;background_background&quot;:&quot;classic&quot;}\">\n\t\t\t\t\t<div class=\"e-con-inner\">\n\t\t\t\t\t<\/div>\n\t\t\t\t<\/div>\n\t\t<div class=\"elementor-element elementor-element-1723e9eb e-flex e-con-boxed e-con e-parent\" data-id=\"1723e9eb\" data-element_type=\"container\" data-e-type=\"container\">\n\t\t\t\t\t<div class=\"e-con-inner\">\n\t\t<div class=\"elementor-element elementor-element-c6b592d e-con-full e-flex e-con e-child\" data-id=\"c6b592d\" data-element_type=\"container\" data-e-type=\"container\">\n\t\t\t\t<div class=\"elementor-element elementor-element-30968903 elementor-widget elementor-widget-image\" data-id=\"30968903\" data-element_type=\"widget\" data-e-type=\"widget\" data-widget_type=\"image.default\">\n\t\t\t\t<div class=\"elementor-widget-container\">\n\t\t\t\t\t\t\t\t\t\t\t\t\t\t\t<img fetchpriority=\"high\" decoding=\"async\" width=\"1088\" height=\"960\" src=\"https:\/\/salman3dspace.com\/wp-content\/uploads\/2026\/01\/blender_setup.webp\" class=\"attachment-full size-full wp-image-2531\" alt=\"About salman&#039;s 3d space\" srcset=\"https:\/\/salman3dspace.com\/wp-content\/uploads\/2026\/01\/blender_setup.webp 1088w, https:\/\/salman3dspace.com\/wp-content\/uploads\/2026\/01\/blender_setup-300x265.webp 300w, https:\/\/salman3dspace.com\/wp-content\/uploads\/2026\/01\/blender_setup-1024x904.webp 1024w, https:\/\/salman3dspace.com\/wp-content\/uploads\/2026\/01\/blender_setup-768x678.webp 768w, https:\/\/salman3dspace.com\/wp-content\/uploads\/2026\/01\/blender_setup-14x12.webp 14w\" sizes=\"(max-width: 1088px) 100vw, 1088px\" \/>\t\t\t\t\t\t\t\t\t\t\t\t\t\t\t<\/div>\n\t\t\t\t<\/div>\n\t\t\t\t<\/div>\n\t\t<div class=\"elementor-element elementor-element-4a4fa96 e-con-full e-flex e-con e-child\" data-id=\"4a4fa96\" data-element_type=\"container\" data-e-type=\"container\">\n\t\t\t\t<div class=\"elementor-element elementor-element-4ab19821 elementor-widget elementor-widget-heading\" data-id=\"4ab19821\" data-element_type=\"widget\" data-e-type=\"widget\" data-widget_type=\"heading.default\">\n\t\t\t\t<div class=\"elementor-widget-container\">\n\t\t\t\t\t<h1 class=\"elementor-heading-title elementor-size-default\">\u00c0 propos <\/h1>\t\t\t\t<\/div>\n\t\t\t\t<\/div>\n\t\t\t\t<div class=\"elementor-element elementor-element-727c50f8 elementor-widget elementor-widget-text-editor\" data-id=\"727c50f8\" data-element_type=\"widget\" data-e-type=\"widget\" data-widget_type=\"text-editor.default\">\n\t\t\t\t<div class=\"elementor-widget-container\">\n\t\t\t\t\t\t\t\t\t<p data-start=\"1559\" data-end=\"1861\">Je suis Salman Elfahfouhi, designer 3D professionnel bas\u00e9 \u00e0 Casablanca, au Maroc, et le cr\u00e9ateur de Salman3DSpace. Je suis sp\u00e9cialis\u00e9 dans la transformation d\u2019id\u00e9es, de croquis et de plans en visualisations 3D r\u00e9alistes. Mes services incluent le rendu de design d\u2019int\u00e9rieur, les plans architecturaux 2D cot\u00e9s, ainsi que la conception 3D d\u2019espaces commerciaux.\n\nDu concept au rendu final, je travaille directement avec les clients afin de garantir que chaque projet refl\u00e8te leur vision avec pr\u00e9cision, cr\u00e9ativit\u00e9 et souci du d\u00e9tail.<\/p>\n<p data-start=\"1868\" data-end=\"2024\">From concept to final render, I work directly with clients to ensure each project reflects their vision with precision, creativity, and attention to detail.<\/p>\t\t\t\t\t\t\t\t<\/div>\n\t\t\t\t<\/div>\n\t\t\t\t<div class=\"elementor-element elementor-element-624dde36 elementor-widget elementor-widget-button\" data-id=\"624dde36\" data-element_type=\"widget\" data-e-type=\"widget\" data-widget_type=\"button.default\">\n\t\t\t\t<div class=\"elementor-widget-container\">\n\t\t\t\t\t\t\t\t\t<div class=\"elementor-button-wrapper\">\n\t\t\t\t\t<a class=\"elementor-button elementor-button-link elementor-size-sm\" href=\"https:\/\/salman3dspace.com\/fr\/contact\/\">\n\t\t\t\t\t\t<span class=\"elementor-button-content-wrapper\">\n\t\t\t\t\t\t\t\t\t<span class=\"elementor-button-text\">Contactez-nous<\/span>\n\t\t\t\t\t<\/span>\n\t\t\t\t\t<\/a>\n\t\t\t\t<\/div>\n\t\t\t\t\t\t\t\t<\/div>\n\t\t\t\t<\/div>\n\t\t\t\t<\/div>\n\t\t\t\t\t<\/div>\n\t\t\t\t<\/div>\n\t\t<div class=\"elementor-element elementor-element-3be25b6 e-flex e-con-boxed e-con e-parent\" data-id=\"3be25b6\" data-element_type=\"container\" data-e-type=\"container\">\n\t\t\t\t\t<div class=\"e-con-inner\">\n\t\t\t\t<div class=\"elementor-element elementor-element-7b22d25 elementor-widget elementor-widget-html\" data-id=\"7b22d25\" data-element_type=\"widget\" data-e-type=\"widget\" data-widget_type=\"html.default\">\n\t\t\t\t<div class=\"elementor-widget-container\">\n\t\t\t\t\t<iframe width=\"100%\" height=\"800px\" allowfullscreen=\"true\" allow=\"accelerometer; magnetometer; gyroscope\" style=\"display:block; margin:20px auto; border:0 none; max-width:100% ;border-radius:8px; box-shadow: 0 1px 1px rgba(0,0,0,0.11),0 2px 2px rgba(0,0,0,0.11),0 4px 4px rgba(0,0,0,0.11),0 6px 8px rgba(0,0,0,0.11),0 8px 16px rgba(0,0,0,0.11);\" src=\"https:\/\/panoraven.com\/en\/embed\/NMvbtO0QAX\"><\/iframe>\t\t\t\t<\/div>\n\t\t\t\t<\/div>\n\t\t\t\t\t<\/div>\n\t\t\t\t<\/div>\n\t\t\t\t<\/div>","protected":false},"excerpt":{"rendered":"<p>About I\u2019m Salman Elfahfouhi, a professional 3D designer from Casablanca, Morocco and the creator behind Salman3DSpace. I specialize in transforming [&hellip;]<\/p>\n","protected":false},"author":1,"featured_media":0,"parent":0,"menu_order":0,"comment_status":"closed","ping_status":"closed","template":"","meta":{"site-sidebar-layout":"no-sidebar","site-content-layout":"","ast-site-content-layout":"full-width-container","site-content-style":"default","site-sidebar-style":"default","ast-global-header-display":"","ast-banner-title-visibility":"","ast-main-header-display":"","ast-hfb-above-header-display":"","ast-hfb-below-header-display":"","ast-hfb-mobile-header-display":"","site-post-title":"disabled","ast-breadcrumbs-content":"","ast-featured-img":"disabled","footer-sml-layout":"","ast-disable-related-posts":"","theme-transparent-header-meta":"","adv-header-id-meta":"","stick-header-meta":"","header-above-stick-meta":"","header-main-stick-meta":"","header-below-stick-meta":"","astra-migrate-meta-layouts":"default","ast-page-background-enabled":"default","ast-page-background-meta":{"desktop":{"background-color":"var(--ast-global-color-4)","background-image":"","background-repeat":"repeat","background-position":"center center","background-size":"auto","background-attachment":"scroll","background-type":"","background-media":"","overlay-type":"","overlay-color":"","overlay-opacity":"","overlay-gradient":""},"tablet":{"background-color":"","background-image":"","background-repeat":"repeat","background-position":"center center","background-size":"auto","background-attachment":"scroll","background-type":"","background-media":"","overlay-type":"","overlay-color":"","overlay-opacity":"","overlay-gradient":""},"mobile":{"background-color":"","background-image":"","background-repeat":"repeat","background-position":"center center","background-size":"auto","background-attachment":"scroll","background-type":"","background-media":"","overlay-type":"","overlay-color":"","overlay-opacity":"","overlay-gradient":""}},"ast-content-background-meta":{"desktop":{"background-color":"var(--ast-global-color-5)","background-image":"","background-repeat":"repeat","background-position":"center center","background-size":"auto","background-attachment":"scroll","background-type":"","background-media":"","overlay-type":"","overlay-color":"","overlay-opacity":"","overlay-gradient":""},"tablet":{"background-color":"var(--ast-global-color-5)","background-image":"","background-repeat":"repeat","background-position":"center center","background-size":"auto","background-attachment":"scroll","background-type":"","background-media":"","overlay-type":"","overlay-color":"","overlay-opacity":"","overlay-gradient":""},"mobile":{"background-color":"var(--ast-global-color-5)","background-image":"","background-repeat":"repeat","background-position":"center center","background-size":"auto","background-attachment":"scroll","background-type":"","background-media":"","overlay-type":"","overlay-color":"","overlay-opacity":"","overlay-gradient":""}},"footnotes":""},"class_list":["post-49","page","type-page","status-publish","hentry"],"aioseo_notices":[],"_links":{"self":[{"href":"https:\/\/salman3dspace.com\/fr\/wp-json\/wp\/v2\/pages\/49","targetHints":{"allow":["GET"]}}],"collection":[{"href":"https:\/\/salman3dspace.com\/fr\/wp-json\/wp\/v2\/pages"}],"about":[{"href":"https:\/\/salman3dspace.com\/fr\/wp-json\/wp\/v2\/types\/page"}],"author":[{"embeddable":true,"href":"https:\/\/salman3dspace.com\/fr\/wp-json\/wp\/v2\/users\/1"}],"replies":[{"embeddable":true,"href":"https:\/\/salman3dspace.com\/fr\/wp-json\/wp\/v2\/comments?post=49"}],"version-history":[{"count":164,"href":"https:\/\/salman3dspace.com\/fr\/wp-json\/wp\/v2\/pages\/49\/revisions"}],"predecessor-version":[{"id":3258,"href":"https:\/\/salman3dspace.com\/fr\/wp-json\/wp\/v2\/pages\/49\/revisions\/3258"}],"wp:attachment":[{"href":"https:\/\/salman3dspace.com\/fr\/wp-json\/wp\/v2\/media?parent=49"}],"curies":[{"name":"wp","href":"https:\/\/api.w.org\/{rel}","templated":true}]}}